{"id":15546,"date":"2024-01-29T07:08:18","date_gmt":"2024-01-29T07:08:18","guid":{"rendered":"https:\/\/assima2022.wpengine.com\/partner\/werden-sie-assima-partner\/"},"modified":"2025-12-17T04:11:13","modified_gmt":"2025-12-17T04:11:13","slug":"werden-sie-assima-partner","status":"publish","type":"page","link":"https:\/\/devsite.assimasolutions.com\/de\/partner\/werden-sie-assima-partner\/","title":{"rendered":"Werden Sie Assima Partner"},"content":{"rendered":"\t\t<div data-elementor-type=\"wp-page\" data-elementor-id=\"15546\" class=\"elementor elementor-15546 elementor-4571\" data-elementor-settings=\"{&quot;ha_cmc_init_switcher&quot;:&quot;no&quot;}\" data-elementor-post-type=\"page\">\n\t\t\t\t<div class=\"elementor-element elementor-element-f103787 e-flex e-con-boxed e-con e-parent\" data-id=\"f103787\" data-element_type=\"container\" data-settings=\"{&quot;background_background&quot;:&quot;classic&quot;,&quot;_ha_eqh_enable&quot;:false}\">\n\t\t\t\t\t<div class=\"e-con-inner\">\n\t\t<div class=\"elementor-element elementor-element-21d0df9 e-flex e-con-boxed e-con e-child\" data-id=\"21d0df9\" data-element_type=\"container\" data-settings=\"{&quot;_ha_eqh_enable&quot;:false}\">\n\t\t\t\t\t<div class=\"e-con-inner\">\n\t\t\t\t<div class=\"elementor-element elementor-element-dfdd1c1 elementor-widget elementor-widget-theme-site-logo elementor-widget-image\" data-id=\"dfdd1c1\" data-element_type=\"widget\" data-widget_type=\"theme-site-logo.default\">\n\t\t\t\t<div class=\"elementor-widget-container\">\n\t\t\t\t\t\t\t\t\t\t\t<a href=\"https:\/\/devsite.assimasolutions.com\/de\/\">\n\t\t\t<img decoding=\"async\" width=\"159\" height=\"36\" src=\"https:\/\/devsite.assimasolutions.com\/wp-content\/uploads\/2023\/12\/logo-1.webp\" class=\"attachment-full size-full wp-image-12939\" alt=\"\" \/>\t\t\t\t<\/a>\n\t\t\t\t\t\t\t\t\t\t\t<\/div>\n\t\t\t\t<\/div>\n\t\t\t\t\t<\/div>\n\t\t\t\t<\/div>\n\t\t<div class=\"elementor-element elementor-element-ce5d066 e-flex e-con-boxed e-con e-child\" data-id=\"ce5d066\" data-element_type=\"container\" data-settings=\"{&quot;background_background&quot;:&quot;classic&quot;,&quot;_ha_eqh_enable&quot;:false}\">\n\t\t\t\t\t<div class=\"e-con-inner\">\n\t\t<div class=\"elementor-element elementor-element-371db84 e-flex e-con-boxed e-con e-child\" data-id=\"371db84\" data-element_type=\"container\" data-settings=\"{&quot;background_background&quot;:&quot;classic&quot;,&quot;_ha_eqh_enable&quot;:false}\">\n\t\t\t\t\t<div class=\"e-con-inner\">\n\t\t\t\t<div class=\"elementor-element elementor-element-3003459 elementor-widget elementor-widget-heading\" data-id=\"3003459\" data-element_type=\"widget\" data-widget_type=\"heading.default\">\n\t\t\t\t<div class=\"elementor-widget-container\">\n\t\t\t\t\t<h1 class=\"elementor-heading-title elementor-size-default\">Werden Sie Assima Partner<\/h1>\t\t\t\t<\/div>\n\t\t\t\t<\/div>\n\t\t\t\t<div class=\"elementor-element elementor-element-0172ac0 elementor-widget__width-initial elementor-widget elementor-widget-text-editor\" data-id=\"0172ac0\" data-element_type=\"widget\" data-widget_type=\"text-editor.default\">\n\t\t\t\t<div class=\"elementor-widget-container\">\n\t\t\t\t\t\t\t\t\t<p><span data-contrast=\"auto\">Solide Partnerschaften sind die Grundlage f\u00fcr gemeinsamen Erfolg. Tun Sie sich mit uns zusammen und bieten Sie Ihren Kunden hyper-stimulierte Trainingsmodule an. <\/span><span data-ccp-props=\"{\"201341983\":0,\"335559739\":160,\"335559740\":278}\"> <\/span><\/p><ul><li style=\"text-align: left;\" data-leveltext=\"\uf0b7\" data-font=\"Symbol\" data-listid=\"5\" data-list-defn-props=\"{\"335552541\":1,\"335559685\":720,\"335559991\":360,\"469769226\":\"Symbol\",\"469769242\":[8226],\"469777803\":\"left\",\"469777804\":\"\uf0b7\",\"469777815\":\"hybridMultilevel\"}\" aria-setsize=\"-1\" data-aria-posinset=\"1\" data-aria-level=\"1\"><span data-contrast=\"auto\">Verbessern Sie Ihre Ergebnisse mit Partner-Vorteilen<\/span><span data-ccp-props=\"{\"201341983\":0,\"335559739\":160,\"335559740\":278}\"> <\/span><\/li><\/ul><ul style=\"text-align: left;\"><li data-leveltext=\"\uf0b7\" data-font=\"Symbol\" data-listid=\"5\" data-list-defn-props=\"{\"335552541\":1,\"335559685\":720,\"335559991\":360,\"469769226\":\"Symbol\",\"469769242\":[8226],\"469777803\":\"left\",\"469777804\":\"\uf0b7\",\"469777815\":\"hybridMultilevel\"}\" aria-setsize=\"-1\" data-aria-posinset=\"2\" data-aria-level=\"1\"><span data-contrast=\"auto\">Erschlie\u00dfen Sie neue Einnahmequellen und schaffen Sie dauerhafte Werte durch den Verkauf von Software und Dienstleistungen.<\/span><span data-ccp-props=\"{\"201341983\":0,\"335559739\":160,\"335559740\":278}\"> <\/span><\/li><\/ul><ul style=\"text-align: left;\"><li data-leveltext=\"\uf0b7\" data-font=\"Symbol\" data-listid=\"5\" data-list-defn-props=\"{\"335552541\":1,\"335559685\":720,\"335559991\":360,\"469769226\":\"Symbol\",\"469769242\":[8226],\"469777803\":\"left\",\"469777804\":\"\uf0b7\",\"469777815\":\"hybridMultilevel\"}\" aria-setsize=\"-1\" data-aria-posinset=\"3\" data-aria-level=\"1\"><span data-contrast=\"auto\">Verschaffen Sie sich einen Wettbewerbsvorteil mit patentierten L\u00f6sungen f\u00fcr die Benutzerakzeptanz.<\/span><span data-ccp-props=\"{\"201341983\":0,\"335559739\":160,\"335559740\":278}\"> <\/span><\/li><\/ul><ul><li style=\"text-align: left;\" data-leveltext=\"\uf0b7\" data-font=\"Symbol\" data-listid=\"5\" data-list-defn-props=\"{\"335552541\":1,\"335559685\":720,\"335559991\":360,\"469769226\":\"Symbol\",\"469769242\":[8226],\"469777803\":\"left\",\"469777804\":\"\uf0b7\",\"469777815\":\"hybridMultilevel\"}\" aria-setsize=\"-1\" data-aria-posinset=\"4\" data-aria-level=\"1\"><span data-contrast=\"auto\">Beschleunigen Sie die Time-to-Value, verbessern Sie das Lernen und reduzieren Sie die Schulungskosten.  <\/span><span data-ccp-props=\"{\"201341983\":0,\"335559739\":160,\"335559740\":278}\"> <\/span><\/li><\/ul>\t\t\t\t\t\t\t\t<\/div>\n\t\t\t\t<\/div>\n\t\t\t\t<div class=\"elementor-element elementor-element-1ce3f85 contact-form s4-hana request become elementor-widget elementor-widget-shortcode\" data-id=\"1ce3f85\" data-element_type=\"widget\" data-widget_type=\"shortcode.default\">\n\t\t\t\t<div class=\"elementor-widget-container\">\n\t\t\t\t\t\t\t<div class=\"elementor-shortcode\"><iframe height=\"650px\" width=\"100%\" frameborder=\"0\" allow=\"geolocation;microphone;camera\" src=\"https:\/\/zfrmz.com\/babmXEfm02ZHVg3IJWm9\"> <\/iframe><\/div>\n\t\t\t\t\t\t<\/div>\n\t\t\t\t<\/div>\n\t\t\t\t\t<\/div>\n\t\t\t\t<\/div>\n\t\t\t\t\t<\/div>\n\t\t\t\t<\/div>\n\t\t\t\t\t<\/div>\n\t\t\t\t<\/div>\n\t\t\t\t<\/div>\n\t\t","protected":false},"excerpt":{"rendered":"<p>Werden Sie Assima Partner Solide Partnerschaften sind die Grundlage f\u00fcr gemeinsamen Erfolg. Tun Sie sich mit uns zusammen und bieten Sie Ihren Kunden hyper-stimulierte Trainingsmodule an. Verbessern Sie Ihre Ergebnisse mit Partner-Vorteilen Erschlie\u00dfen Sie neue Einnahmequellen und schaffen Sie dauerhafte Werte durch den Verkauf von Software und Dienstleistungen. Verschaffen Sie sich einen Wettbewerbsvorteil mit patentierten [&hellip;]<\/p>\n","protected":false},"author":1,"featured_media":0,"parent":15541,"menu_order":0,"comment_status":"closed","ping_status":"closed","template":"elementor_canvas","meta":{"_acf_changed":false,"footnotes":""},"class_list":["post-15546","page","type-page","status-publish","hentry"],"acf":[],"yoast_head":"<!-- This site is optimized with the Yoast SEO plugin v26.6 - https:\/\/yoast.com\/wordpress\/plugins\/seo\/ -->\n<title>Werden Sie Assima Partner | Nehmen Sie an unserem Partnerprogramm teil<\/title>\n<meta name=\"description\" content=\"Gehen Sie eine Partnerschaft mit Assima Solutions ein, um modernste Tools und Unterst\u00fctzung f\u00fcr den digitalen Wandel zu erhalten. Erweitern Sie Ihr Gesch\u00e4ft und steigern Sie den Erfolg Ihrer Kunden. Bewerben Sie sich jetzt!\" \/>\n<meta name=\"robots\" content=\"noindex, follow, max-snippet:-1, max-image-preview:large, max-video-preview:-1\" \/>\n<meta property=\"og:locale\" content=\"de_DE\" \/>\n<meta property=\"og:type\" content=\"article\" \/>\n<meta property=\"og:title\" content=\"Werden Sie Assima Partner | Nehmen Sie an unserem Partnerprogramm teil\" \/>\n<meta property=\"og:description\" content=\"Gehen Sie eine Partnerschaft mit Assima Solutions ein, um modernste Tools und Unterst\u00fctzung f\u00fcr den digitalen Wandel zu erhalten. Erweitern Sie Ihr Gesch\u00e4ft und steigern Sie den Erfolg Ihrer Kunden. Bewerben Sie sich jetzt!\" \/>\n<meta property=\"og:url\" content=\"https:\/\/devsite.assimasolutions.com\/de\/partner\/werden-sie-assima-partner\/\" \/>\n<meta property=\"og:site_name\" content=\"Assima\" \/>\n<meta property=\"article:modified_time\" content=\"2025-12-17T04:11:13+00:00\" \/>\n<meta name=\"twitter:card\" content=\"summary_large_image\" \/>\n<script type=\"application\/ld+json\" class=\"yoast-schema-graph\">{\"@context\":\"https:\/\/schema.org\",\"@graph\":[{\"@type\":\"WebPage\",\"@id\":\"https:\/\/devsite.assimasolutions.com\/de\/partner\/werden-sie-assima-partner\/\",\"url\":\"https:\/\/devsite.assimasolutions.com\/de\/partner\/werden-sie-assima-partner\/\",\"name\":\"Werden Sie Assima Partner | Nehmen Sie an unserem Partnerprogramm teil\",\"isPartOf\":{\"@id\":\"https:\/\/devsite.assimasolutions.com\/de\/#website\"},\"datePublished\":\"2024-01-29T07:08:18+00:00\",\"dateModified\":\"2025-12-17T04:11:13+00:00\",\"description\":\"Gehen Sie eine Partnerschaft mit Assima Solutions ein, um modernste Tools und Unterst\u00fctzung f\u00fcr den digitalen Wandel zu erhalten. Erweitern Sie Ihr Gesch\u00e4ft und steigern Sie den Erfolg Ihrer Kunden. Bewerben Sie sich jetzt!\",\"breadcrumb\":{\"@id\":\"https:\/\/devsite.assimasolutions.com\/de\/partner\/werden-sie-assima-partner\/#breadcrumb\"},\"inLanguage\":\"de\",\"potentialAction\":[{\"@type\":\"ReadAction\",\"target\":[\"https:\/\/devsite.assimasolutions.com\/de\/partner\/werden-sie-assima-partner\/\"]}]},{\"@type\":\"BreadcrumbList\",\"@id\":\"https:\/\/devsite.assimasolutions.com\/de\/partner\/werden-sie-assima-partner\/#breadcrumb\",\"itemListElement\":[{\"@type\":\"ListItem\",\"position\":1,\"name\":\"Home\",\"item\":\"https:\/\/devsite.assimasolutions.com\/de\/\"},{\"@type\":\"ListItem\",\"position\":2,\"name\":\"Partner De\",\"item\":\"https:\/\/devsite.assimasolutions.com\/de\/partner\/\"},{\"@type\":\"ListItem\",\"position\":3,\"name\":\"Werden Sie Assima Partner\"}]},{\"@type\":\"WebSite\",\"@id\":\"https:\/\/devsite.assimasolutions.com\/de\/#website\",\"url\":\"https:\/\/devsite.assimasolutions.com\/de\/\",\"name\":\"Assima\",\"description\":\"\",\"publisher\":{\"@id\":\"https:\/\/devsite.assimasolutions.com\/de\/#organization\"},\"potentialAction\":[{\"@type\":\"SearchAction\",\"target\":{\"@type\":\"EntryPoint\",\"urlTemplate\":\"https:\/\/devsite.assimasolutions.com\/de\/?s={search_term_string}\"},\"query-input\":{\"@type\":\"PropertyValueSpecification\",\"valueRequired\":true,\"valueName\":\"search_term_string\"}}],\"inLanguage\":\"de\"},{\"@type\":\"Organization\",\"@id\":\"https:\/\/devsite.assimasolutions.com\/de\/#organization\",\"name\":\"Assima\",\"url\":\"https:\/\/devsite.assimasolutions.com\/de\/\",\"logo\":{\"@type\":\"ImageObject\",\"inLanguage\":\"de\",\"@id\":\"https:\/\/devsite.assimasolutions.com\/de\/#\/schema\/logo\/image\/\",\"url\":\"https:\/\/devsite.assimasolutions.com\/wp-content\/uploads\/2023\/12\/logo-1.webp\",\"contentUrl\":\"https:\/\/devsite.assimasolutions.com\/wp-content\/uploads\/2023\/12\/logo-1.webp\",\"width\":159,\"height\":36,\"caption\":\"Assima\"},\"image\":{\"@id\":\"https:\/\/devsite.assimasolutions.com\/de\/#\/schema\/logo\/image\/\"}}]}<\/script>\n<!-- \/ Yoast SEO plugin. -->","yoast_head_json":{"title":"Werden Sie Assima Partner | Nehmen Sie an unserem Partnerprogramm teil","description":"Gehen Sie eine Partnerschaft mit Assima Solutions ein, um modernste Tools und Unterst\u00fctzung f\u00fcr den digitalen Wandel zu erhalten. Erweitern Sie Ihr Gesch\u00e4ft und steigern Sie den Erfolg Ihrer Kunden. Bewerben Sie sich jetzt!","robots":{"index":"noindex","follow":"follow","max-snippet":"max-snippet:-1","max-image-preview":"max-image-preview:large","max-video-preview":"max-video-preview:-1"},"og_locale":"de_DE","og_type":"article","og_title":"Werden Sie Assima Partner | Nehmen Sie an unserem Partnerprogramm teil","og_description":"Gehen Sie eine Partnerschaft mit Assima Solutions ein, um modernste Tools und Unterst\u00fctzung f\u00fcr den digitalen Wandel zu erhalten. Erweitern Sie Ihr Gesch\u00e4ft und steigern Sie den Erfolg Ihrer Kunden. Bewerben Sie sich jetzt!","og_url":"https:\/\/devsite.assimasolutions.com\/de\/partner\/werden-sie-assima-partner\/","og_site_name":"Assima","article_modified_time":"2025-12-17T04:11:13+00:00","twitter_card":"summary_large_image","schema":{"@context":"https:\/\/schema.org","@graph":[{"@type":"WebPage","@id":"https:\/\/devsite.assimasolutions.com\/de\/partner\/werden-sie-assima-partner\/","url":"https:\/\/devsite.assimasolutions.com\/de\/partner\/werden-sie-assima-partner\/","name":"Werden Sie Assima Partner | Nehmen Sie an unserem Partnerprogramm teil","isPartOf":{"@id":"https:\/\/devsite.assimasolutions.com\/de\/#website"},"datePublished":"2024-01-29T07:08:18+00:00","dateModified":"2025-12-17T04:11:13+00:00","description":"Gehen Sie eine Partnerschaft mit Assima Solutions ein, um modernste Tools und Unterst\u00fctzung f\u00fcr den digitalen Wandel zu erhalten. Erweitern Sie Ihr Gesch\u00e4ft und steigern Sie den Erfolg Ihrer Kunden. Bewerben Sie sich jetzt!","breadcrumb":{"@id":"https:\/\/devsite.assimasolutions.com\/de\/partner\/werden-sie-assima-partner\/#breadcrumb"},"inLanguage":"de","potentialAction":[{"@type":"ReadAction","target":["https:\/\/devsite.assimasolutions.com\/de\/partner\/werden-sie-assima-partner\/"]}]},{"@type":"BreadcrumbList","@id":"https:\/\/devsite.assimasolutions.com\/de\/partner\/werden-sie-assima-partner\/#breadcrumb","itemListElement":[{"@type":"ListItem","position":1,"name":"Home","item":"https:\/\/devsite.assimasolutions.com\/de\/"},{"@type":"ListItem","position":2,"name":"Partner De","item":"https:\/\/devsite.assimasolutions.com\/de\/partner\/"},{"@type":"ListItem","position":3,"name":"Werden Sie Assima Partner"}]},{"@type":"WebSite","@id":"https:\/\/devsite.assimasolutions.com\/de\/#website","url":"https:\/\/devsite.assimasolutions.com\/de\/","name":"Assima","description":"","publisher":{"@id":"https:\/\/devsite.assimasolutions.com\/de\/#organization"},"potentialAction":[{"@type":"SearchAction","target":{"@type":"EntryPoint","urlTemplate":"https:\/\/devsite.assimasolutions.com\/de\/?s={search_term_string}"},"query-input":{"@type":"PropertyValueSpecification","valueRequired":true,"valueName":"search_term_string"}}],"inLanguage":"de"},{"@type":"Organization","@id":"https:\/\/devsite.assimasolutions.com\/de\/#organization","name":"Assima","url":"https:\/\/devsite.assimasolutions.com\/de\/","logo":{"@type":"ImageObject","inLanguage":"de","@id":"https:\/\/devsite.assimasolutions.com\/de\/#\/schema\/logo\/image\/","url":"https:\/\/devsite.assimasolutions.com\/wp-content\/uploads\/2023\/12\/logo-1.webp","contentUrl":"https:\/\/devsite.assimasolutions.com\/wp-content\/uploads\/2023\/12\/logo-1.webp","width":159,"height":36,"caption":"Assima"},"image":{"@id":"https:\/\/devsite.assimasolutions.com\/de\/#\/schema\/logo\/image\/"}}]}},"_links":{"self":[{"href":"https:\/\/devsite.assimasolutions.com\/de\/wp-json\/wp\/v2\/pages\/15546","targetHints":{"allow":["GET"]}}],"collection":[{"href":"https:\/\/devsite.assimasolutions.com\/de\/wp-json\/wp\/v2\/pages"}],"about":[{"href":"https:\/\/devsite.assimasolutions.com\/de\/wp-json\/wp\/v2\/types\/page"}],"author":[{"embeddable":true,"href":"https:\/\/devsite.assimasolutions.com\/de\/wp-json\/wp\/v2\/users\/1"}],"replies":[{"embeddable":true,"href":"https:\/\/devsite.assimasolutions.com\/de\/wp-json\/wp\/v2\/comments?post=15546"}],"version-history":[{"count":0,"href":"https:\/\/devsite.assimasolutions.com\/de\/wp-json\/wp\/v2\/pages\/15546\/revisions"}],"up":[{"embeddable":true,"href":"https:\/\/devsite.assimasolutions.com\/de\/wp-json\/wp\/v2\/pages\/15541"}],"wp:attachment":[{"href":"https:\/\/devsite.assimasolutions.com\/de\/wp-json\/wp\/v2\/media?parent=15546"}],"curies":[{"name":"wp","href":"https:\/\/api.w.org\/{rel}","templated":true}]}}