{"id":15894,"date":"2025-06-23T06:24:41","date_gmt":"2025-06-23T05:24:41","guid":{"rendered":"https:\/\/assima2022.wpengine.com\/page-des-partenaires-de-call-simulator\/"},"modified":"2025-12-12T01:18:24","modified_gmt":"2025-12-12T01:18:24","slug":"page-des-partenaires-de-call-simulator","status":"publish","type":"page","link":"https:\/\/devsite.assimasolutions.com\/fr\/partenaires\/page-des-partenaires-de-call-simulator\/","title":{"rendered":"Page des partenaires de Call Simulator"},"content":{"rendered":"\t\t<div data-elementor-type=\"wp-page\" data-elementor-id=\"15894\" class=\"elementor elementor-15894 elementor-11979\" data-elementor-settings=\"{&quot;ha_cmc_init_switcher&quot;:&quot;no&quot;}\" data-elementor-post-type=\"page\">\n\t\t\t\t<div class=\"elementor-element elementor-element-381f656 e-flex e-con-boxed e-con e-parent\" data-id=\"381f656\" data-element_type=\"container\" data-settings=\"{&quot;background_background&quot;:&quot;classic&quot;,&quot;_ha_eqh_enable&quot;:false}\">\n\t\t\t\t\t<div class=\"e-con-inner\">\n\t\t\t\t<div class=\"elementor-element elementor-element-58860e5 elementor-widget elementor-widget-image\" data-id=\"58860e5\" data-element_type=\"widget\" data-widget_type=\"image.default\">\n\t\t\t\t<div class=\"elementor-widget-container\">\n\t\t\t\t\t\t\t\t\t\t\t\t\t\t\t<img fetchpriority=\"high\" decoding=\"async\" width=\"974\" height=\"654\" src=\"https:\/\/devsite.assimasolutions.com\/wp-content\/uploads\/2025\/06\/image-6.png\" class=\"attachment-full size-full wp-image-15076\" alt=\"\" srcset=\"https:\/\/devsite.assimasolutions.com\/wp-content\/uploads\/2025\/06\/image-6.png 974w, https:\/\/devsite.assimasolutions.com\/wp-content\/uploads\/2025\/06\/image-6-300x201.png 300w, https:\/\/devsite.assimasolutions.com\/wp-content\/uploads\/2025\/06\/image-6-768x516.png 768w, https:\/\/devsite.assimasolutions.com\/wp-content\/uploads\/2025\/06\/image-6-150x101.png 150w\" sizes=\"(max-width: 974px) 100vw, 974px\" \/>\t\t\t\t\t\t\t\t\t\t\t\t\t\t\t<\/div>\n\t\t\t\t<\/div>\n\t\t\t\t\t<\/div>\n\t\t\t\t<\/div>\n\t\t<div class=\"elementor-element elementor-element-3f68335 e-flex e-con-boxed e-con e-parent\" data-id=\"3f68335\" data-element_type=\"container\" data-settings=\"{&quot;_ha_eqh_enable&quot;:false}\">\n\t\t\t\t\t<div class=\"e-con-inner\">\n\t\t\t\t<div class=\"elementor-element elementor-element-215ea19 heading-assima-grad elementor-widget elementor-widget-heading\" data-id=\"215ea19\" data-element_type=\"widget\" data-widget_type=\"heading.default\">\n\t\t\t\t<div class=\"elementor-widget-container\">\n\t\t\t\t\t<h2 class=\"elementor-heading-title elementor-size-default\">Assima et Call Simulator\u2122 s'associent pour transformer la formation aux appels gr\u00e2ce \u00e0 l'IA et aux le\u00e7ons interactives \u00e0 l'\u00e9cran.<\/h2>\t\t\t\t<\/div>\n\t\t\t\t<\/div>\n\t\t\t\t<div class=\"elementor-element elementor-element-3cf9375 elementor-widget elementor-widget-text-editor\" data-id=\"3cf9375\" data-element_type=\"widget\" data-widget_type=\"text-editor.default\">\n\t\t\t\t<div class=\"elementor-widget-container\">\n\t\t\t\t\t\t\t\t\t<p>Avec Assima, la technologie de formation \u00e0 la conversation de Call Simulator\u2122, la meilleure de sa cat\u00e9gorie, offre une valeur substantielle aux besoins d&rsquo;apprentissage et de d\u00e9veloppement de votre organisation, permettant aux organisations de tirer le meilleur parti de leurs investissements en L&amp;D et d&rsquo;obtenir des r\u00e9sultats significatifs \u00e0 l&rsquo;\u00e9chelle de l&rsquo;entreprise. Gr\u00e2ce \u00e0 une pratique immersive, s\u00fbre et not\u00e9e, les membres de votre \u00e9quipe apprendront et renforceront l&rsquo;\u00e9coute active et les comp\u00e9tences conversationnelles dont ils ont besoin, tout en naviguant dans les le\u00e7ons \u00e0 l&rsquo;\u00e9cran du flux de travail de l&rsquo;application ou des applications simul\u00e9es de votre Assima. <\/p>\t\t\t\t\t\t\t\t<\/div>\n\t\t\t\t<\/div>\n\t\t<div class=\"elementor-element elementor-element-04e01f7 e-con-full e-flex e-con e-child\" data-id=\"04e01f7\" data-element_type=\"container\" data-settings=\"{&quot;_ha_eqh_enable&quot;:false}\">\n\t\t<div data-ha-element-link=\"{&quot;url&quot;:&quot;#elementor-action%3Aaction%3Dpopup%3Aopen%26settings%3DeyJpZCI6IjExOTgzIiwidG9nZ2xlIjpmYWxzZX0%3D&quot;,&quot;is_external&quot;:&quot;&quot;,&quot;nofollow&quot;:&quot;&quot;}\" style=\"cursor: pointer\" class=\"elementor-element elementor-element-119a232 e-con-full e-flex e-con e-child\" data-id=\"119a232\" data-element_type=\"container\" data-settings=\"{&quot;background_background&quot;:&quot;classic&quot;,&quot;_ha_eqh_enable&quot;:false}\">\n\t\t\t\t<\/div>\n\t\t<div class=\"elementor-element elementor-element-e98ab4d e-con-full e-flex e-con e-child\" data-id=\"e98ab4d\" data-element_type=\"container\" data-settings=\"{&quot;background_background&quot;:&quot;classic&quot;,&quot;_ha_eqh_enable&quot;:false}\">\n\t\t\t\t<div class=\"elementor-element elementor-element-fd2d2d2 elementor-widget elementor-widget-image\" data-id=\"fd2d2d2\" data-element_type=\"widget\" data-widget_type=\"image.default\">\n\t\t\t\t<div class=\"elementor-widget-container\">\n\t\t\t\t\t\t\t\t\t\t\t\t\t\t\t<img decoding=\"async\" width=\"83\" height=\"74\" src=\"https:\/\/devsite.assimasolutions.com\/wp-content\/uploads\/2025\/06\/stars-1.png\" class=\"attachment-thumbnail size-thumbnail wp-image-15074\" alt=\"Star sprite\" \/>\t\t\t\t\t\t\t\t\t\t\t\t\t\t\t<\/div>\n\t\t\t\t<\/div>\n\t\t\t\t<div class=\"elementor-element elementor-element-50a5cbf elementor-widget elementor-widget-text-editor\" data-id=\"50a5cbf\" data-element_type=\"widget\" data-widget_type=\"text-editor.default\">\n\t\t\t\t<div class=\"elementor-widget-container\">\n\t\t\t\t\t\t\t\t\t<p>Call Simulator\u2122 est une plateforme de formation bas\u00e9e sur des sc\u00e9narios et aliment\u00e9e par l&rsquo;IA permettant la pratique de conversations critiques \u00e0 grande \u00e9chelle. Call Simulator\u2122 permet aux professionnels L&amp;D ainsi qu&rsquo;aux formateurs de cr\u00e9er, d&rsquo;\u00e9diter et d&rsquo;it\u00e9rer facilement du contenu et de fournir un environnement de formation immersif et conversationnel pour les apprenants de tous les niveaux \u00e0 travers de multiples industries dans 16 langues mondiales. <\/p><p>Call Simulator\u2122 fournit actuellement des formations \u00e0 la vente et \u00e0 l&rsquo;assistance \u00e0 des entreprises Fortune 500 dans des secteurs tels que la sant\u00e9, l&rsquo;assurance, la banque\/finance, les compagnies a\u00e9riennes, le transport maritime et les produits de consommation.<\/p>\t\t\t\t\t\t\t\t<\/div>\n\t\t\t\t<\/div>\n\t\t\t\t<\/div>\n\t\t\t\t<\/div>\n\t\t\t\t\t<\/div>\n\t\t\t\t<\/div>\n\t\t<div class=\"elementor-element elementor-element-e709a6e assima-bg-grad2 e-flex e-con-boxed e-con e-parent\" data-id=\"e709a6e\" data-element_type=\"container\" data-settings=\"{&quot;background_background&quot;:&quot;gradient&quot;,&quot;_ha_eqh_enable&quot;:false}\">\n\t\t\t\t\t<div class=\"e-con-inner\">\n\t\t<div class=\"elementor-element elementor-element-17e2de5 e-con-full e-flex e-con e-child\" data-id=\"17e2de5\" data-element_type=\"container\" data-settings=\"{&quot;_ha_eqh_enable&quot;:false}\">\n\t\t\t\t<div class=\"elementor-element elementor-element-00479b8 elementor-widget elementor-widget-text-editor\" data-id=\"00479b8\" data-element_type=\"widget\" data-widget_type=\"text-editor.default\">\n\t\t\t\t<div class=\"elementor-widget-container\">\n\t\t\t\t\t\t\t\t\t<p>Un client r\u00e9cent de Fortune 50 a signal\u00e9 une r\u00e9duction de 97 % du \u00a0\u00bb besoin d&rsquo;assistance \u00a0\u00bb des nouveaux employ\u00e9s ainsi qu&rsquo;une r\u00e9duction de plus de 50 % des temps d&rsquo;attente et des transferts apr\u00e8s avoir mis en \u0153uvre Call Simulator\u2122 dans son programme de formation.<\/p>\t\t\t\t\t\t\t\t<\/div>\n\t\t\t\t<\/div>\n\t\t\t\t<\/div>\n\t\t\t\t\t<\/div>\n\t\t\t\t<\/div>\n\t\t<div class=\"elementor-element elementor-element-cbc4b4e e-flex e-con-boxed e-con e-parent\" data-id=\"cbc4b4e\" data-element_type=\"container\" data-settings=\"{&quot;_ha_eqh_enable&quot;:false}\">\n\t\t\t\t\t<div class=\"e-con-inner\">\n\t\t<div class=\"elementor-element elementor-element-3d8f3a5 e-con-full e-flex e-con e-child\" data-id=\"3d8f3a5\" data-element_type=\"container\" data-settings=\"{&quot;background_background&quot;:&quot;classic&quot;,&quot;_ha_eqh_enable&quot;:false}\">\n\t\t\t\t<div class=\"elementor-element elementor-element-af0cf49 elementor-widget elementor-widget-image\" data-id=\"af0cf49\" data-element_type=\"widget\" data-widget_type=\"image.default\">\n\t\t\t\t<div class=\"elementor-widget-container\">\n\t\t\t\t\t\t\t\t\t\t\t\t\t\t\t<img decoding=\"async\" width=\"83\" height=\"74\" src=\"https:\/\/devsite.assimasolutions.com\/wp-content\/uploads\/2025\/06\/stars-1.png\" class=\"attachment-thumbnail size-thumbnail wp-image-15074\" alt=\"Star sprite\" \/>\t\t\t\t\t\t\t\t\t\t\t\t\t\t\t<\/div>\n\t\t\t\t<\/div>\n\t\t\t\t<div class=\"elementor-element elementor-element-ca468ab elementor-widget elementor-widget-text-editor\" data-id=\"ca468ab\" data-element_type=\"widget\" data-widget_type=\"text-editor.default\">\n\t\t\t\t<div class=\"elementor-widget-container\">\n\t\t\t\t\t\t\t\t\t<p>La combinaison de Call Simulator et des technologies d&rsquo;apprentissage par sc\u00e9narios d&rsquo;Assima a permis \u00e0 de nombreuses entreprises internationales d&rsquo;am\u00e9liorer l&rsquo;int\u00e9gration des employ\u00e9s en mettant en place une exp\u00e9rience d&rsquo;apprentissage immersive et attrayante.<\/p><p>Si vous souhaitez que vos employ\u00e9s soient parfaitement pr\u00e9par\u00e9s d\u00e8s le premier jour, contactez les experts de Call Simulator en cliquant sur les liens ci-dessous.<\/p>\t\t\t\t\t\t\t\t<\/div>\n\t\t\t\t<\/div>\n\t\t<div class=\"elementor-element elementor-element-5601d5a e-con-full e-flex e-con e-child\" data-id=\"5601d5a\" data-element_type=\"container\" data-settings=\"{&quot;_ha_eqh_enable&quot;:false}\">\n\t\t\t\t<div data-ha-element-link=\"{&quot;url&quot;:&quot;https:\\\/\\\/callsimulator.com\\\/features\\\/&quot;,&quot;is_external&quot;:&quot;on&quot;,&quot;nofollow&quot;:&quot;on&quot;}\" style=\"cursor: pointer\" class=\"elementor-element elementor-element-2c66f0f elementor-widget elementor-widget-image\" data-id=\"2c66f0f\" data-element_type=\"widget\" data-widget_type=\"image.default\">\n\t\t\t\t<div class=\"elementor-widget-container\">\n\t\t\t\t\t\t\t\t\t\t\t\t\t\t\t<img decoding=\"async\" width=\"50\" height=\"50\" src=\"https:\/\/devsite.assimasolutions.com\/wp-content\/uploads\/2025\/06\/website-1.svg\" class=\"attachment-large size-large wp-image-15062\" alt=\"Website\" \/>\t\t\t\t\t\t\t\t\t\t\t\t\t\t\t<\/div>\n\t\t\t\t<\/div>\n\t\t\t\t<div data-ha-element-link=\"{&quot;url&quot;:&quot;https:\\\/\\\/www.linkedin.com\\\/company\\\/call-simulator\\\/&quot;,&quot;is_external&quot;:&quot;on&quot;,&quot;nofollow&quot;:&quot;on&quot;}\" style=\"cursor: pointer\" class=\"elementor-element elementor-element-ff83faf elementor-widget elementor-widget-image\" data-id=\"ff83faf\" data-element_type=\"widget\" data-widget_type=\"image.default\">\n\t\t\t\t<div class=\"elementor-widget-container\">\n\t\t\t\t\t\t\t\t\t\t\t\t\t\t\t<img loading=\"lazy\" decoding=\"async\" width=\"50\" height=\"50\" src=\"https:\/\/devsite.assimasolutions.com\/wp-content\/uploads\/2025\/06\/linkedin-4.svg\" class=\"attachment-large size-large wp-image-15064\" alt=\"Linkedin\" \/>\t\t\t\t\t\t\t\t\t\t\t\t\t\t\t<\/div>\n\t\t\t\t<\/div>\n\t\t\t\t<\/div>\n\t\t\t\t<\/div>\n\t\t<div class=\"elementor-element elementor-element-97d5aeb e-con-full e-flex e-con e-child\" data-id=\"97d5aeb\" data-element_type=\"container\" data-settings=\"{&quot;_ha_eqh_enable&quot;:false}\">\n\t\t\t\t<div class=\"elementor-element elementor-element-d96c822 elementor-widget elementor-widget-image\" data-id=\"d96c822\" data-element_type=\"widget\" data-widget_type=\"image.default\">\n\t\t\t\t<div class=\"elementor-widget-container\">\n\t\t\t\t\t\t\t\t\t\t\t\t\t\t\t<img loading=\"lazy\" decoding=\"async\" width=\"710\" height=\"553\" src=\"https:\/\/devsite.assimasolutions.com\/wp-content\/uploads\/2025\/06\/call-simulator-assima-partnership.png\" class=\"attachment-large size-large wp-image-14708\" alt=\"call-simulator-assima-partnership\" srcset=\"https:\/\/devsite.assimasolutions.com\/wp-content\/uploads\/2025\/06\/call-simulator-assima-partnership.png 710w, https:\/\/devsite.assimasolutions.com\/wp-content\/uploads\/2025\/06\/call-simulator-assima-partnership-300x234.png 300w, https:\/\/devsite.assimasolutions.com\/wp-content\/uploads\/2025\/06\/call-simulator-assima-partnership-150x117.png 150w\" sizes=\"(max-width: 710px) 100vw, 710px\" \/>\t\t\t\t\t\t\t\t\t\t\t\t\t\t\t<\/div>\n\t\t\t\t<\/div>\n\t\t\t\t<\/div>\n\t\t\t\t\t<\/div>\n\t\t\t\t<\/div>\n\t\t\t\t<\/div>\n\t\t","protected":false},"excerpt":{"rendered":"<p>Assima et Call Simulator\u2122 s&rsquo;associent pour transformer la formation aux appels gr\u00e2ce \u00e0 l&rsquo;IA et aux le\u00e7ons interactives \u00e0 l&rsquo;\u00e9cran. Avec Assima, la technologie de formation \u00e0 la conversation de Call Simulator\u2122, la meilleure de sa cat\u00e9gorie, offre une valeur substantielle aux besoins d&rsquo;apprentissage et de d\u00e9veloppement de votre organisation, permettant aux organisations de tirer [&hellip;]<\/p>\n","protected":false},"author":9,"featured_media":0,"parent":15889,"menu_order":0,"comment_status":"closed","ping_status":"closed","template":"","meta":{"_acf_changed":false,"footnotes":""},"class_list":["post-15894","page","type-page","status-publish","hentry"],"acf":[],"yoast_head":"<!-- This site is optimized with the Yoast SEO plugin v26.6 - https:\/\/yoast.com\/wordpress\/plugins\/seo\/ -->\n<title>Assima &amp; Call Simulator : AI Call Training | Assima<\/title>\n<meta name=\"description\" content=\"Am\u00e9liorez la formation aux appels gr\u00e2ce \u00e0 l&#039;apprentissage interactif pilot\u00e9 par l&#039;IA d&#039;Assima &amp; Call Simulator afin d&#039;am\u00e9liorer la pr\u00e9paration des employ\u00e9s, de r\u00e9duire les temps d&#039;attente et les co\u00fbts de support.\" \/>\n<meta name=\"robots\" content=\"noindex, follow, max-snippet:-1, max-image-preview:large, max-video-preview:-1\" \/>\n<meta property=\"og:locale\" content=\"fr_FR\" \/>\n<meta property=\"og:type\" content=\"article\" \/>\n<meta property=\"og:title\" content=\"Assima &amp; Call Simulator : AI Call Training | Assima\" \/>\n<meta property=\"og:description\" content=\"Am\u00e9liorez la formation aux appels gr\u00e2ce \u00e0 l&#039;apprentissage interactif pilot\u00e9 par l&#039;IA d&#039;Assima &amp; Call Simulator afin d&#039;am\u00e9liorer la pr\u00e9paration des employ\u00e9s, de r\u00e9duire les temps d&#039;attente et les co\u00fbts de support.\" \/>\n<meta property=\"og:url\" content=\"https:\/\/devsite.assimasolutions.com\/fr\/partenaires\/page-des-partenaires-de-call-simulator\/\" \/>\n<meta property=\"og:site_name\" content=\"Assima\" \/>\n<meta property=\"article:modified_time\" content=\"2025-12-12T01:18:24+00:00\" \/>\n<meta property=\"og:image\" content=\"https:\/\/devsite.assimasolutions.com\/wp-content\/uploads\/2025\/06\/image-6.png\" \/>\n<meta name=\"twitter:card\" content=\"summary_large_image\" \/>\n<meta name=\"twitter:label1\" content=\"Dur\u00e9e de lecture estim\u00e9e\" \/>\n\t<meta name=\"twitter:data1\" content=\"2 minutes\" \/>\n<script type=\"application\/ld+json\" class=\"yoast-schema-graph\">{\"@context\":\"https:\/\/schema.org\",\"@graph\":[{\"@type\":\"WebPage\",\"@id\":\"https:\/\/devsite.assimasolutions.com\/fr\/partenaires\/page-des-partenaires-de-call-simulator\/\",\"url\":\"https:\/\/devsite.assimasolutions.com\/fr\/partenaires\/page-des-partenaires-de-call-simulator\/\",\"name\":\"Assima & Call Simulator : AI Call Training | Assima\",\"isPartOf\":{\"@id\":\"https:\/\/devsite.assimasolutions.com\/fr\/#website\"},\"primaryImageOfPage\":{\"@id\":\"https:\/\/devsite.assimasolutions.com\/fr\/partenaires\/page-des-partenaires-de-call-simulator\/#primaryimage\"},\"image\":{\"@id\":\"https:\/\/devsite.assimasolutions.com\/fr\/partenaires\/page-des-partenaires-de-call-simulator\/#primaryimage\"},\"thumbnailUrl\":\"https:\/\/devsite.assimasolutions.com\/wp-content\/uploads\/2025\/06\/image-6.png\",\"datePublished\":\"2025-06-23T05:24:41+00:00\",\"dateModified\":\"2025-12-12T01:18:24+00:00\",\"description\":\"Am\u00e9liorez la formation aux appels gr\u00e2ce \u00e0 l'apprentissage interactif pilot\u00e9 par l'IA d'Assima & Call Simulator afin d'am\u00e9liorer la pr\u00e9paration des employ\u00e9s, de r\u00e9duire les temps d'attente et les co\u00fbts de support.\",\"breadcrumb\":{\"@id\":\"https:\/\/devsite.assimasolutions.com\/fr\/partenaires\/page-des-partenaires-de-call-simulator\/#breadcrumb\"},\"inLanguage\":\"fr-FR\",\"potentialAction\":[{\"@type\":\"ReadAction\",\"target\":[\"https:\/\/devsite.assimasolutions.com\/fr\/partenaires\/page-des-partenaires-de-call-simulator\/\"]}]},{\"@type\":\"ImageObject\",\"inLanguage\":\"fr-FR\",\"@id\":\"https:\/\/devsite.assimasolutions.com\/fr\/partenaires\/page-des-partenaires-de-call-simulator\/#primaryimage\",\"url\":\"https:\/\/devsite.assimasolutions.com\/wp-content\/uploads\/2025\/06\/image-6.png\",\"contentUrl\":\"https:\/\/devsite.assimasolutions.com\/wp-content\/uploads\/2025\/06\/image-6.png\"},{\"@type\":\"BreadcrumbList\",\"@id\":\"https:\/\/devsite.assimasolutions.com\/fr\/partenaires\/page-des-partenaires-de-call-simulator\/#breadcrumb\",\"itemListElement\":[{\"@type\":\"ListItem\",\"position\":1,\"name\":\"Home\",\"item\":\"https:\/\/devsite.assimasolutions.com\/fr\/\"},{\"@type\":\"ListItem\",\"position\":2,\"name\":\"Partenaires\",\"item\":\"https:\/\/devsite.assimasolutions.com\/fr\/partners\/\"},{\"@type\":\"ListItem\",\"position\":3,\"name\":\"Page des partenaires de Call Simulator\"}]},{\"@type\":\"WebSite\",\"@id\":\"https:\/\/devsite.assimasolutions.com\/fr\/#website\",\"url\":\"https:\/\/devsite.assimasolutions.com\/fr\/\",\"name\":\"Assima\",\"description\":\"\",\"publisher\":{\"@id\":\"https:\/\/devsite.assimasolutions.com\/fr\/#organization\"},\"potentialAction\":[{\"@type\":\"SearchAction\",\"target\":{\"@type\":\"EntryPoint\",\"urlTemplate\":\"https:\/\/devsite.assimasolutions.com\/fr\/?s={search_term_string}\"},\"query-input\":{\"@type\":\"PropertyValueSpecification\",\"valueRequired\":true,\"valueName\":\"search_term_string\"}}],\"inLanguage\":\"fr-FR\"},{\"@type\":\"Organization\",\"@id\":\"https:\/\/devsite.assimasolutions.com\/fr\/#organization\",\"name\":\"Assima\",\"url\":\"https:\/\/devsite.assimasolutions.com\/fr\/\",\"logo\":{\"@type\":\"ImageObject\",\"inLanguage\":\"fr-FR\",\"@id\":\"https:\/\/devsite.assimasolutions.com\/fr\/#\/schema\/logo\/image\/\",\"url\":\"https:\/\/devsite.assimasolutions.com\/wp-content\/uploads\/2023\/12\/logo-1.webp\",\"contentUrl\":\"https:\/\/devsite.assimasolutions.com\/wp-content\/uploads\/2023\/12\/logo-1.webp\",\"width\":159,\"height\":36,\"caption\":\"Assima\"},\"image\":{\"@id\":\"https:\/\/devsite.assimasolutions.com\/fr\/#\/schema\/logo\/image\/\"}}]}<\/script>\n<!-- \/ Yoast SEO plugin. -->","yoast_head_json":{"title":"Assima & Call Simulator : AI Call Training | Assima","description":"Am\u00e9liorez la formation aux appels gr\u00e2ce \u00e0 l'apprentissage interactif pilot\u00e9 par l'IA d'Assima & Call Simulator afin d'am\u00e9liorer la pr\u00e9paration des employ\u00e9s, de r\u00e9duire les temps d'attente et les co\u00fbts de support.","robots":{"index":"noindex","follow":"follow","max-snippet":"max-snippet:-1","max-image-preview":"max-image-preview:large","max-video-preview":"max-video-preview:-1"},"og_locale":"fr_FR","og_type":"article","og_title":"Assima & Call Simulator : AI Call Training | Assima","og_description":"Am\u00e9liorez la formation aux appels gr\u00e2ce \u00e0 l'apprentissage interactif pilot\u00e9 par l'IA d'Assima & Call Simulator afin d'am\u00e9liorer la pr\u00e9paration des employ\u00e9s, de r\u00e9duire les temps d'attente et les co\u00fbts de support.","og_url":"https:\/\/devsite.assimasolutions.com\/fr\/partenaires\/page-des-partenaires-de-call-simulator\/","og_site_name":"Assima","article_modified_time":"2025-12-12T01:18:24+00:00","og_image":[{"url":"https:\/\/devsite.assimasolutions.com\/wp-content\/uploads\/2025\/06\/image-6.png","type":"","width":"","height":""}],"twitter_card":"summary_large_image","twitter_misc":{"Dur\u00e9e de lecture estim\u00e9e":"2 minutes"},"schema":{"@context":"https:\/\/schema.org","@graph":[{"@type":"WebPage","@id":"https:\/\/devsite.assimasolutions.com\/fr\/partenaires\/page-des-partenaires-de-call-simulator\/","url":"https:\/\/devsite.assimasolutions.com\/fr\/partenaires\/page-des-partenaires-de-call-simulator\/","name":"Assima & Call Simulator : AI Call Training | Assima","isPartOf":{"@id":"https:\/\/devsite.assimasolutions.com\/fr\/#website"},"primaryImageOfPage":{"@id":"https:\/\/devsite.assimasolutions.com\/fr\/partenaires\/page-des-partenaires-de-call-simulator\/#primaryimage"},"image":{"@id":"https:\/\/devsite.assimasolutions.com\/fr\/partenaires\/page-des-partenaires-de-call-simulator\/#primaryimage"},"thumbnailUrl":"https:\/\/devsite.assimasolutions.com\/wp-content\/uploads\/2025\/06\/image-6.png","datePublished":"2025-06-23T05:24:41+00:00","dateModified":"2025-12-12T01:18:24+00:00","description":"Am\u00e9liorez la formation aux appels gr\u00e2ce \u00e0 l'apprentissage interactif pilot\u00e9 par l'IA d'Assima & Call Simulator afin d'am\u00e9liorer la pr\u00e9paration des employ\u00e9s, de r\u00e9duire les temps d'attente et les co\u00fbts de support.","breadcrumb":{"@id":"https:\/\/devsite.assimasolutions.com\/fr\/partenaires\/page-des-partenaires-de-call-simulator\/#breadcrumb"},"inLanguage":"fr-FR","potentialAction":[{"@type":"ReadAction","target":["https:\/\/devsite.assimasolutions.com\/fr\/partenaires\/page-des-partenaires-de-call-simulator\/"]}]},{"@type":"ImageObject","inLanguage":"fr-FR","@id":"https:\/\/devsite.assimasolutions.com\/fr\/partenaires\/page-des-partenaires-de-call-simulator\/#primaryimage","url":"https:\/\/devsite.assimasolutions.com\/wp-content\/uploads\/2025\/06\/image-6.png","contentUrl":"https:\/\/devsite.assimasolutions.com\/wp-content\/uploads\/2025\/06\/image-6.png"},{"@type":"BreadcrumbList","@id":"https:\/\/devsite.assimasolutions.com\/fr\/partenaires\/page-des-partenaires-de-call-simulator\/#breadcrumb","itemListElement":[{"@type":"ListItem","position":1,"name":"Home","item":"https:\/\/devsite.assimasolutions.com\/fr\/"},{"@type":"ListItem","position":2,"name":"Partenaires","item":"https:\/\/devsite.assimasolutions.com\/fr\/partners\/"},{"@type":"ListItem","position":3,"name":"Page des partenaires de Call Simulator"}]},{"@type":"WebSite","@id":"https:\/\/devsite.assimasolutions.com\/fr\/#website","url":"https:\/\/devsite.assimasolutions.com\/fr\/","name":"Assima","description":"","publisher":{"@id":"https:\/\/devsite.assimasolutions.com\/fr\/#organization"},"potentialAction":[{"@type":"SearchAction","target":{"@type":"EntryPoint","urlTemplate":"https:\/\/devsite.assimasolutions.com\/fr\/?s={search_term_string}"},"query-input":{"@type":"PropertyValueSpecification","valueRequired":true,"valueName":"search_term_string"}}],"inLanguage":"fr-FR"},{"@type":"Organization","@id":"https:\/\/devsite.assimasolutions.com\/fr\/#organization","name":"Assima","url":"https:\/\/devsite.assimasolutions.com\/fr\/","logo":{"@type":"ImageObject","inLanguage":"fr-FR","@id":"https:\/\/devsite.assimasolutions.com\/fr\/#\/schema\/logo\/image\/","url":"https:\/\/devsite.assimasolutions.com\/wp-content\/uploads\/2023\/12\/logo-1.webp","contentUrl":"https:\/\/devsite.assimasolutions.com\/wp-content\/uploads\/2023\/12\/logo-1.webp","width":159,"height":36,"caption":"Assima"},"image":{"@id":"https:\/\/devsite.assimasolutions.com\/fr\/#\/schema\/logo\/image\/"}}]}},"_links":{"self":[{"href":"https:\/\/devsite.assimasolutions.com\/fr\/wp-json\/wp\/v2\/pages\/15894","targetHints":{"allow":["GET"]}}],"collection":[{"href":"https:\/\/devsite.assimasolutions.com\/fr\/wp-json\/wp\/v2\/pages"}],"about":[{"href":"https:\/\/devsite.assimasolutions.com\/fr\/wp-json\/wp\/v2\/types\/page"}],"author":[{"embeddable":true,"href":"https:\/\/devsite.assimasolutions.com\/fr\/wp-json\/wp\/v2\/users\/9"}],"replies":[{"embeddable":true,"href":"https:\/\/devsite.assimasolutions.com\/fr\/wp-json\/wp\/v2\/comments?post=15894"}],"version-history":[{"count":0,"href":"https:\/\/devsite.assimasolutions.com\/fr\/wp-json\/wp\/v2\/pages\/15894\/revisions"}],"up":[{"embeddable":true,"href":"https:\/\/devsite.assimasolutions.com\/fr\/wp-json\/wp\/v2\/pages\/15889"}],"wp:attachment":[{"href":"https:\/\/devsite.assimasolutions.com\/fr\/wp-json\/wp\/v2\/media?parent=15894"}],"curies":[{"name":"wp","href":"https:\/\/api.w.org\/{rel}","templated":true}]}}