{"id":16385,"date":"2025-06-20T17:31:45","date_gmt":"2025-06-20T16:31:45","guid":{"rendered":"https:\/\/assima2022.wpengine.com\/partenaires\/assima-services-partners\/"},"modified":"2025-12-16T09:54:55","modified_gmt":"2025-12-16T09:54:55","slug":"assima-services-partners","status":"publish","type":"page","link":"https:\/\/devsite.assimasolutions.com\/fr\/partenaires\/assima-services-partners\/","title":{"rendered":"Assima Services Partners FR"},"content":{"rendered":"\t\t<div data-elementor-type=\"wp-page\" data-elementor-id=\"16385\" class=\"elementor elementor-16385 elementor-11972\" data-elementor-settings=\"{&quot;ha_cmc_init_switcher&quot;:&quot;no&quot;}\" data-elementor-post-type=\"page\">\n\t\t\t\t<div class=\"elementor-element elementor-element-32a845d e-flex e-con-boxed e-con e-parent\" data-id=\"32a845d\" data-element_type=\"container\" data-settings=\"{&quot;background_background&quot;:&quot;classic&quot;,&quot;_ha_eqh_enable&quot;:false}\">\n\t\t\t\t\t<div class=\"e-con-inner\">\n\t\t<div class=\"elementor-element elementor-element-088075e e-con-full e-flex e-con e-child\" data-id=\"088075e\" data-element_type=\"container\" data-settings=\"{&quot;_ha_eqh_enable&quot;:false}\">\n\t\t\t\t<div class=\"elementor-element elementor-element-f3b5579 elementor-widget__width-inherit elementor-widget elementor-widget-heading\" data-id=\"f3b5579\" data-element_type=\"widget\" data-widget_type=\"heading.default\">\n\t\t\t\t<div class=\"elementor-widget-container\">\n\t\t\t\t\t<h1 class=\"elementor-heading-title elementor-size-default\">Assima Services Partners<\/h1>\t\t\t\t<\/div>\n\t\t\t\t<\/div>\n\t\t\t\t<div class=\"elementor-element elementor-element-903e2cd elementor-widget-divider--view-line elementor-widget elementor-widget-divider\" data-id=\"903e2cd\" data-element_type=\"widget\" data-widget_type=\"divider.default\">\n\t\t\t\t<div class=\"elementor-widget-container\">\n\t\t\t\t\t\t\t<div class=\"elementor-divider\">\n\t\t\t<span class=\"elementor-divider-separator\">\n\t\t\t\t\t\t<\/span>\n\t\t<\/div>\n\t\t\t\t\t\t<\/div>\n\t\t\t\t<\/div>\n\t\t\t\t<div class=\"elementor-element elementor-element-b7a6afa elementor-widget elementor-widget-text-editor\" data-id=\"b7a6afa\" data-element_type=\"widget\" data-widget_type=\"text-editor.default\">\n\t\t\t\t<div class=\"elementor-widget-container\">\n\t\t\t\t\t\t\t\t\t<p>Exceller dans l&rsquo;adoption num\u00e9rique gr\u00e2ce \u00e0 notre technologie et \u00e0 la sagesse de nos partenaires.<\/p>\t\t\t\t\t\t\t\t<\/div>\n\t\t\t\t<\/div>\n\t\t\t\t<\/div>\n\t\t<div class=\"elementor-element elementor-element-6f65349 e-con-full e-flex e-con e-child\" data-id=\"6f65349\" data-element_type=\"container\" data-settings=\"{&quot;_ha_eqh_enable&quot;:false}\">\n\t\t\t\t<div class=\"elementor-element elementor-element-c135c03 elementor-widget elementor-widget-image\" data-id=\"c135c03\" data-element_type=\"widget\" data-widget_type=\"image.default\">\n\t\t\t\t<div class=\"elementor-widget-container\">\n\t\t\t\t\t\t\t\t\t\t\t\t\t\t\t<img fetchpriority=\"high\" decoding=\"async\" width=\"292\" height=\"346\" src=\"https:\/\/devsite.assimasolutions.com\/wp-content\/uploads\/2025\/06\/tech-partners-banner-1.webp\" class=\"attachment-full size-full wp-image-15082\" alt=\"Working\" srcset=\"https:\/\/devsite.assimasolutions.com\/wp-content\/uploads\/2025\/06\/tech-partners-banner-1.webp 292w, https:\/\/devsite.assimasolutions.com\/wp-content\/uploads\/2025\/06\/tech-partners-banner-1-253x300.webp 253w, https:\/\/devsite.assimasolutions.com\/wp-content\/uploads\/2025\/06\/tech-partners-banner-1-150x178.webp 150w\" sizes=\"(max-width: 292px) 100vw, 292px\" \/>\t\t\t\t\t\t\t\t\t\t\t\t\t\t\t<\/div>\n\t\t\t\t<\/div>\n\t\t\t\t<\/div>\n\t\t\t\t\t<\/div>\n\t\t\t\t<\/div>\n\t\t<div class=\"elementor-element elementor-element-d42b726 e-flex e-con-boxed e-con e-parent\" data-id=\"d42b726\" data-element_type=\"container\" data-settings=\"{&quot;_ha_eqh_enable&quot;:false}\">\n\t\t\t\t\t<div class=\"e-con-inner\">\n\t\t\t\t<div class=\"elementor-element elementor-element-23e3a2e elementor-widget elementor-widget-text-editor\" data-id=\"23e3a2e\" data-element_type=\"widget\" data-widget_type=\"text-editor.default\">\n\t\t\t\t<div class=\"elementor-widget-container\">\n\t\t\t\t\t\t\t\t\t<p>Assima est la premi\u00e8re plateforme de formation aux syst\u00e8mes dans le monde, aidant les organisations \u00e0 travers le changement technologique. Notre plateforme unique supporte le cycle de vie complet des programmes d&rsquo;implantation de logiciels, que nos partenaires, coupl\u00e9s \u00e0 leur riche exp\u00e9rience en consultation, utilisent pour livrer des programmes d&rsquo;adoption num\u00e9rique r\u00e9ussis. D\u00e9couvrez comment vous pouvez faire partie du programme de partenariat d&rsquo;Assima d\u00e8s aujourd&rsquo;hui.  <\/p>\t\t\t\t\t\t\t\t<\/div>\n\t\t\t\t<\/div>\n\t\t\t\t\t<\/div>\n\t\t\t\t<\/div>\n\t\t<div class=\"elementor-element elementor-element-0b7bab3 e-flex e-con-boxed e-con e-parent\" data-id=\"0b7bab3\" data-element_type=\"container\" data-settings=\"{&quot;_ha_eqh_enable&quot;:false}\">\n\t\t\t\t\t<div class=\"e-con-inner\">\n\t\t\t\t<div class=\"elementor-element elementor-element-6cbada2 elementor-widget elementor-widget-heading\" data-id=\"6cbada2\" data-element_type=\"widget\" data-widget_type=\"heading.default\">\n\t\t\t\t<div class=\"elementor-widget-container\">\n\t\t\t\t\t<h2 class=\"elementor-heading-title elementor-size-default\">Nos services Partenaires<\/h2>\t\t\t\t<\/div>\n\t\t\t\t<\/div>\n\t\t<div class=\"elementor-element elementor-element-04b7f95 e-con-full e-flex e-con e-child\" data-id=\"04b7f95\" data-element_type=\"container\" data-settings=\"{&quot;_ha_eqh_enable&quot;:false}\">\n\t\t<div class=\"elementor-element elementor-element-e9ce23f e-con-full e-flex e-con e-child\" data-id=\"e9ce23f\" data-element_type=\"container\" data-settings=\"{&quot;background_background&quot;:&quot;classic&quot;,&quot;_ha_eqh_enable&quot;:false}\">\n\t\t\t\t<div class=\"elementor-element elementor-element-5a671fe elementor-widget elementor-widget-image\" data-id=\"5a671fe\" data-element_type=\"widget\" data-widget_type=\"image.default\">\n\t\t\t\t<div class=\"elementor-widget-container\">\n\t\t\t\t\t\t\t\t\t\t\t\t\t\t\t<img decoding=\"async\" width=\"83\" height=\"74\" src=\"https:\/\/devsite.assimasolutions.com\/wp-content\/uploads\/2025\/06\/stars-1.png\" class=\"attachment-full size-full wp-image-15074\" alt=\"Star sprite\" \/>\t\t\t\t\t\t\t\t\t\t\t\t\t\t\t<\/div>\n\t\t\t\t<\/div>\n\t\t\t\t<div class=\"elementor-element elementor-element-7ab2d36 elementor-widget elementor-widget-text-editor\" data-id=\"7ab2d36\" data-element_type=\"widget\" data-widget_type=\"text-editor.default\">\n\t\t\t\t<div class=\"elementor-widget-container\">\n\t\t\t\t\t\t\t\t\t<p>Resulting-IT et Assima ont travaill\u00e9 sur de nombreux projets pour aider \u00e0 l&rsquo;engagement des employ\u00e9s et \u00e0 l&rsquo;adoption de SAP, gr\u00e2ce \u00e0 une richesse de connaissances et d&rsquo;exp\u00e9riences.<\/p><p>Si vous souhaitez prendre contact avec Resulting-IT pour savoir comment ils peuvent vous aider dans votre projet SAP \u00e0 venir, contactez-nous via les liens ci-dessous.<\/p>\t\t\t\t\t\t\t\t<\/div>\n\t\t\t\t<\/div>\n\t\t\t\t<div class=\"elementor-element elementor-element-ac34a69 elementor-widget elementor-widget-button\" data-id=\"ac34a69\" data-element_type=\"widget\" data-widget_type=\"button.default\">\n\t\t\t\t<div class=\"elementor-widget-container\">\n\t\t\t\t\t\t\t\t\t<div class=\"elementor-button-wrapper\">\n\t\t\t\t\t<a class=\"elementor-button elementor-button-link elementor-size-sm\" href=\"https:\/\/devsite.assimasolutions.com\/fr\/page-des-partenaires-informatiques-resultants\/\">\n\t\t\t\t\t\t<span class=\"elementor-button-content-wrapper\">\n\t\t\t\t\t\t\t\t\t<span class=\"elementor-button-text\">En savoir plus<\/span>\n\t\t\t\t\t<\/span>\n\t\t\t\t\t<\/a>\n\t\t\t\t<\/div>\n\t\t\t\t\t\t\t\t<\/div>\n\t\t\t\t<\/div>\n\t\t\t\t<\/div>\n\t\t<div class=\"elementor-element elementor-element-25b2141 e-con-full e-flex e-con e-child\" data-id=\"25b2141\" data-element_type=\"container\" data-settings=\"{&quot;_ha_eqh_enable&quot;:false}\">\n\t\t\t\t<div class=\"elementor-element elementor-element-9c9979d elementor-widget elementor-widget-image\" data-id=\"9c9979d\" data-element_type=\"widget\" data-widget_type=\"image.default\">\n\t\t\t\t<div class=\"elementor-widget-container\">\n\t\t\t\t\t\t\t\t\t\t\t\t\t\t\t<img decoding=\"async\" width=\"669\" height=\"505\" src=\"https:\/\/devsite.assimasolutions.com\/wp-content\/uploads\/2025\/06\/resulting-it-assima-partnership-1.png\" class=\"attachment-medium_large size-medium_large wp-image-15080\" alt=\"Resulting IT and Assima\" srcset=\"https:\/\/devsite.assimasolutions.com\/wp-content\/uploads\/2025\/06\/resulting-it-assima-partnership-1.png 669w, https:\/\/devsite.assimasolutions.com\/wp-content\/uploads\/2025\/06\/resulting-it-assima-partnership-1-300x226.png 300w, https:\/\/devsite.assimasolutions.com\/wp-content\/uploads\/2025\/06\/resulting-it-assima-partnership-1-150x113.png 150w\" sizes=\"(max-width: 669px) 100vw, 669px\" \/>\t\t\t\t\t\t\t\t\t\t\t\t\t\t\t<\/div>\n\t\t\t\t<\/div>\n\t\t\t\t<\/div>\n\t\t\t\t<\/div>\n\t\t\t\t\t<\/div>\n\t\t\t\t<\/div>\n\t\t<div class=\"elementor-element elementor-element-b3ce1c9 e-flex e-con-boxed e-con e-parent\" data-id=\"b3ce1c9\" data-element_type=\"container\" data-settings=\"{&quot;_ha_eqh_enable&quot;:false}\">\n\t\t\t\t\t<div class=\"e-con-inner\">\n\t\t\t\t<div class=\"elementor-element elementor-element-f47f0b2 elementor-widget elementor-widget-button\" data-id=\"f47f0b2\" data-element_type=\"widget\" data-widget_type=\"button.default\">\n\t\t\t\t<div class=\"elementor-widget-container\">\n\t\t\t\t\t\t\t\t\t<div class=\"elementor-button-wrapper\">\n\t\t\t\t\t<a class=\"elementor-button elementor-button-link elementor-size-sm\" href=\"https:\/\/devsite.assimasolutions.com\/fr\/partenaires\/devenez-partenaire-dassima\/\">\n\t\t\t\t\t\t<span class=\"elementor-button-content-wrapper\">\n\t\t\t\t\t\t<span class=\"elementor-button-icon\">\n\t\t\t\t<svg xmlns=\"http:\/\/www.w3.org\/2000\/svg\" id=\"logo-icon\" width=\"25\" height=\"23.029\" viewBox=\"0 0 25 23.029\"><path id=\"Path_23986\" data-name=\"Path 23986\" d=\"M869.279,27.2h.009l-6.272,21.417a11.225,11.225,0,0,0,5.757,1.58,11.508,11.508,0,0,0,.507-23\" transform=\"translate(-855.156 -27.197)\" fill=\"#fff\"><\/path><path id=\"Path_23987\" data-name=\"Path 23987\" d=\"M815.075,39.671,808.8,61.1a11.513,11.513,0,0,1-3.584-3.351,11.851,11.851,0,0,1-.67-1.095l-.089-.17-.084-.166c-.05-.1-.1-.206-.147-.309l-.021-.044c-.023-.051-.045-.1-.067-.151q-.075-.173-.145-.345c-.023-.058-.045-.116-.067-.174s-.054-.143-.08-.216-.052-.147-.076-.22-.059-.178-.087-.269c0,0,0,0,0,0-.025-.08-.048-.16-.071-.241-.005-.017-.01-.035-.015-.052-.024-.082-.046-.166-.067-.25,0,0,0,0,0,0-.023-.091-.045-.182-.066-.274s-.042-.186-.06-.279-.034-.172-.049-.259c0-.016-.006-.032-.008-.047q-.02-.114-.038-.231c0-.016-.005-.032-.007-.047-.015-.09-.026-.179-.038-.27s-.022-.181-.031-.273l0-.034q-.014-.133-.023-.266a.071.071,0,0,1,0-.015c-.007-.092-.014-.182-.018-.274,0-.006,0-.011,0-.018-.005-.1-.008-.192-.01-.288v0c0-.1,0-.2,0-.3A11.45,11.45,0,0,1,814.56,39.657c.094,0,.187,0,.279,0h.015l.221.01\" transform=\"translate(-803.175 -38.075)\" fill=\"#fff\"><\/path><\/svg>\t\t\t<\/span>\n\t\t\t\t\t\t\t\t\t<span class=\"elementor-button-text\">Devenez partenaire<\/span>\n\t\t\t\t\t<\/span>\n\t\t\t\t\t<\/a>\n\t\t\t\t<\/div>\n\t\t\t\t\t\t\t\t<\/div>\n\t\t\t\t<\/div>\n\t\t\t\t<div class=\"elementor-element elementor-element-8ae6a7a elementor-widget elementor-widget-button\" data-id=\"8ae6a7a\" data-element_type=\"widget\" data-widget_type=\"button.default\">\n\t\t\t\t<div class=\"elementor-widget-container\">\n\t\t\t\t\t\t\t\t\t<div class=\"elementor-button-wrapper\">\n\t\t\t\t\t<a class=\"elementor-button elementor-button-link elementor-size-sm\" href=\"https:\/\/partnerportal.assima.net\/portal\/en\/newticket\">\n\t\t\t\t\t\t<span class=\"elementor-button-content-wrapper\">\n\t\t\t\t\t\t<span class=\"elementor-button-icon\">\n\t\t\t\t<svg xmlns=\"http:\/\/www.w3.org\/2000\/svg\" width=\"27\" height=\"24\" viewBox=\"0 0 27 24\" fill=\"none\"><path d=\"M14.5987 0C14.5987 0.000267029 14.5986 0.000535965 14.5985 0.000936508C14.6016 0.00107002 14.6048 0.00120354 14.608 0.00133705L8.00269 22.3208C9.78199 23.3675 11.8534 23.9673 14.0653 23.9673C20.6869 23.9673 26.0543 18.5987 26.0543 11.9773C26.0543 5.53408 20.9731 0.278696 14.5987 0Z\" fill=\"#4F6D7A\"><\/path><path d=\"M12.5328 1.68044L5.92766 24C4.43174 23.1213 3.14336 21.9274 2.15268 20.5105C1.89792 20.1449 1.66295 19.765 1.44778 19.3707C1.41702 19.3123 1.38519 19.253 1.3543 19.1938C1.32475 19.1367 1.29506 19.0796 1.26524 19.0213C1.21268 18.9149 1.15986 18.8072 1.11051 18.6995C1.10275 18.6842 1.0962 18.6689 1.08845 18.6534C1.06437 18.6007 1.04124 18.5479 1.01824 18.4964C0.965546 18.3766 0.914863 18.257 0.865515 18.1372C0.84131 18.0769 0.818308 18.0164 0.795306 17.9561C0.766821 17.8814 0.738199 17.8066 0.710784 17.7309C0.683369 17.6552 0.65582 17.5782 0.630544 17.5013C0.598716 17.4092 0.567957 17.3157 0.539472 17.2211C0.539472 17.2202 0.538271 17.2191 0.538271 17.2179C0.511926 17.1344 0.487856 17.051 0.463517 16.9665C0.458167 16.9488 0.452549 16.9302 0.448269 16.9127C0.422994 16.8269 0.399989 16.7401 0.377923 16.6524C0.377923 16.6513 0.376859 16.6501 0.376859 16.649C0.352787 16.5545 0.329649 16.459 0.307583 16.3635C0.284448 16.2668 0.263589 16.1703 0.24393 16.0725C0.225208 15.9836 0.207818 15.8935 0.192305 15.8033C0.188962 15.787 0.185756 15.7704 0.183483 15.754C0.169174 15.6749 0.156065 15.5947 0.144029 15.5134C0.140552 15.4969 0.138549 15.4805 0.136409 15.464C0.12103 15.3707 0.108857 15.2772 0.0966879 15.1828C0.0847857 15.0882 0.0738202 14.994 0.0637904 14.8984C0.0627205 14.8862 0.0616475 14.8753 0.0605777 14.8633C0.0506815 14.7709 0.0429308 14.6787 0.0363779 14.5865C0.0351744 14.581 0.0351699 14.5766 0.0351699 14.5711C0.0274135 14.4755 0.0209956 14.3811 0.0164488 14.2854C0.0164488 14.2789 0.0153779 14.2734 0.0153779 14.2668C0.0100286 14.167 0.00668764 14.0669 0.0044142 13.967V13.9647C0.00120463 13.8615 0 13.7595 0 13.6561C0 7.03465 5.36733 1.66613 11.9903 1.66613C12.0892 1.66613 12.1867 1.6672 12.2846 1.67054H12.2999C12.378 1.67375 12.4549 1.6771 12.5328 1.68044Z\" fill=\"#4F6D7A\"><\/path><\/svg>\t\t\t<\/span>\n\t\t\t\t\t\t\t\t\t<span class=\"elementor-button-text\">Soumettre une recommandation<\/span>\n\t\t\t\t\t<\/span>\n\t\t\t\t\t<\/a>\n\t\t\t\t<\/div>\n\t\t\t\t\t\t\t\t<\/div>\n\t\t\t\t<\/div>\n\t\t\t\t\t<\/div>\n\t\t\t\t<\/div>\n\t\t\t\t<\/div>\n\t\t","protected":false},"excerpt":{"rendered":"<p>Assima Services Partners Exceller dans l&rsquo;adoption num\u00e9rique gr\u00e2ce \u00e0 notre technologie et \u00e0 la sagesse de nos partenaires. Assima est la premi\u00e8re plateforme de formation aux syst\u00e8mes dans le monde, aidant les organisations \u00e0 travers le changement technologique. Notre plateforme unique supporte le cycle de vie complet des programmes d&rsquo;implantation de logiciels, que nos partenaires, [&hellip;]<\/p>\n","protected":false},"author":6,"featured_media":0,"parent":15889,"menu_order":0,"comment_status":"closed","ping_status":"closed","template":"elementor_header_footer","meta":{"_acf_changed":false,"footnotes":""},"class_list":["post-16385","page","type-page","status-publish","hentry"],"acf":[],"yoast_head":"<!-- This site is optimized with the Yoast SEO plugin v26.6 - https:\/\/yoast.com\/wordpress\/plugins\/seo\/ -->\n<title>Partenaire d&#039;Assima pour le succ\u00e8s de l&#039;adoption num\u00e9rique | Assima Technology Partners<\/title>\n<meta name=\"description\" content=\"Rejoignez le programme de partenariat d&#039;Assima pour mener \u00e0 bien l&#039;adoption du num\u00e9rique. Tirez parti de notre technologie de formation et de votre expertise pour une transformation en douceur.\" \/>\n<meta name=\"robots\" content=\"noindex, follow, max-snippet:-1, max-image-preview:large, max-video-preview:-1\" \/>\n<meta property=\"og:locale\" content=\"fr_FR\" \/>\n<meta property=\"og:type\" content=\"article\" \/>\n<meta property=\"og:title\" content=\"Partenaire d&#039;Assima pour le succ\u00e8s de l&#039;adoption num\u00e9rique | Assima Technology Partners\" \/>\n<meta property=\"og:description\" content=\"Rejoignez le programme de partenariat d&#039;Assima pour mener \u00e0 bien l&#039;adoption du num\u00e9rique. Tirez parti de notre technologie de formation et de votre expertise pour une transformation en douceur.\" \/>\n<meta property=\"og:url\" content=\"https:\/\/devsite.assimasolutions.com\/fr\/partenaires\/assima-services-partners\/\" \/>\n<meta property=\"og:site_name\" content=\"Assima\" \/>\n<meta property=\"article:modified_time\" content=\"2025-12-16T09:54:55+00:00\" \/>\n<meta property=\"og:image\" content=\"https:\/\/devsite.assimasolutions.com\/wp-content\/uploads\/2025\/06\/tech-partners-banner-1.webp\" \/>\n\t<meta property=\"og:image:width\" content=\"292\" \/>\n\t<meta property=\"og:image:height\" content=\"346\" \/>\n\t<meta property=\"og:image:type\" content=\"image\/webp\" \/>\n<meta name=\"twitter:card\" content=\"summary_large_image\" \/>\n<meta name=\"twitter:label1\" content=\"Dur\u00e9e de lecture estim\u00e9e\" \/>\n\t<meta name=\"twitter:data1\" content=\"2 minutes\" \/>\n<script type=\"application\/ld+json\" class=\"yoast-schema-graph\">{\"@context\":\"https:\/\/schema.org\",\"@graph\":[{\"@type\":\"WebPage\",\"@id\":\"https:\/\/devsite.assimasolutions.com\/fr\/partenaires\/assima-services-partners\/\",\"url\":\"https:\/\/devsite.assimasolutions.com\/fr\/partenaires\/assima-services-partners\/\",\"name\":\"Partenaire d'Assima pour le succ\u00e8s de l'adoption num\u00e9rique | Assima Technology Partners\",\"isPartOf\":{\"@id\":\"https:\/\/devsite.assimasolutions.com\/fr\/#website\"},\"primaryImageOfPage\":{\"@id\":\"https:\/\/devsite.assimasolutions.com\/fr\/partenaires\/assima-services-partners\/#primaryimage\"},\"image\":{\"@id\":\"https:\/\/devsite.assimasolutions.com\/fr\/partenaires\/assima-services-partners\/#primaryimage\"},\"thumbnailUrl\":\"https:\/\/devsite.assimasolutions.com\/wp-content\/uploads\/2025\/06\/tech-partners-banner-1.webp\",\"datePublished\":\"2025-06-20T16:31:45+00:00\",\"dateModified\":\"2025-12-16T09:54:55+00:00\",\"description\":\"Rejoignez le programme de partenariat d'Assima pour mener \u00e0 bien l'adoption du num\u00e9rique. Tirez parti de notre technologie de formation et de votre expertise pour une transformation en douceur.\",\"breadcrumb\":{\"@id\":\"https:\/\/devsite.assimasolutions.com\/fr\/partenaires\/assima-services-partners\/#breadcrumb\"},\"inLanguage\":\"fr-FR\",\"potentialAction\":[{\"@type\":\"ReadAction\",\"target\":[\"https:\/\/devsite.assimasolutions.com\/fr\/partenaires\/assima-services-partners\/\"]}]},{\"@type\":\"ImageObject\",\"inLanguage\":\"fr-FR\",\"@id\":\"https:\/\/devsite.assimasolutions.com\/fr\/partenaires\/assima-services-partners\/#primaryimage\",\"url\":\"https:\/\/devsite.assimasolutions.com\/wp-content\/uploads\/2025\/06\/tech-partners-banner-1.webp\",\"contentUrl\":\"https:\/\/devsite.assimasolutions.com\/wp-content\/uploads\/2025\/06\/tech-partners-banner-1.webp\"},{\"@type\":\"BreadcrumbList\",\"@id\":\"https:\/\/devsite.assimasolutions.com\/fr\/partenaires\/assima-services-partners\/#breadcrumb\",\"itemListElement\":[{\"@type\":\"ListItem\",\"position\":1,\"name\":\"Home\",\"item\":\"https:\/\/devsite.assimasolutions.com\/fr\/\"},{\"@type\":\"ListItem\",\"position\":2,\"name\":\"Partenaires\",\"item\":\"https:\/\/devsite.assimasolutions.com\/fr\/partners\/\"},{\"@type\":\"ListItem\",\"position\":3,\"name\":\"Assima Services Partners FR\"}]},{\"@type\":\"WebSite\",\"@id\":\"https:\/\/devsite.assimasolutions.com\/fr\/#website\",\"url\":\"https:\/\/devsite.assimasolutions.com\/fr\/\",\"name\":\"Assima\",\"description\":\"\",\"publisher\":{\"@id\":\"https:\/\/devsite.assimasolutions.com\/fr\/#organization\"},\"potentialAction\":[{\"@type\":\"SearchAction\",\"target\":{\"@type\":\"EntryPoint\",\"urlTemplate\":\"https:\/\/devsite.assimasolutions.com\/fr\/?s={search_term_string}\"},\"query-input\":{\"@type\":\"PropertyValueSpecification\",\"valueRequired\":true,\"valueName\":\"search_term_string\"}}],\"inLanguage\":\"fr-FR\"},{\"@type\":\"Organization\",\"@id\":\"https:\/\/devsite.assimasolutions.com\/fr\/#organization\",\"name\":\"Assima\",\"url\":\"https:\/\/devsite.assimasolutions.com\/fr\/\",\"logo\":{\"@type\":\"ImageObject\",\"inLanguage\":\"fr-FR\",\"@id\":\"https:\/\/devsite.assimasolutions.com\/fr\/#\/schema\/logo\/image\/\",\"url\":\"https:\/\/devsite.assimasolutions.com\/wp-content\/uploads\/2023\/12\/logo-1.webp\",\"contentUrl\":\"https:\/\/devsite.assimasolutions.com\/wp-content\/uploads\/2023\/12\/logo-1.webp\",\"width\":159,\"height\":36,\"caption\":\"Assima\"},\"image\":{\"@id\":\"https:\/\/devsite.assimasolutions.com\/fr\/#\/schema\/logo\/image\/\"}}]}<\/script>\n<!-- \/ Yoast SEO plugin. -->","yoast_head_json":{"title":"Partenaire d'Assima pour le succ\u00e8s de l'adoption num\u00e9rique | Assima Technology Partners","description":"Rejoignez le programme de partenariat d'Assima pour mener \u00e0 bien l'adoption du num\u00e9rique. Tirez parti de notre technologie de formation et de votre expertise pour une transformation en douceur.","robots":{"index":"noindex","follow":"follow","max-snippet":"max-snippet:-1","max-image-preview":"max-image-preview:large","max-video-preview":"max-video-preview:-1"},"og_locale":"fr_FR","og_type":"article","og_title":"Partenaire d'Assima pour le succ\u00e8s de l'adoption num\u00e9rique | Assima Technology Partners","og_description":"Rejoignez le programme de partenariat d'Assima pour mener \u00e0 bien l'adoption du num\u00e9rique. Tirez parti de notre technologie de formation et de votre expertise pour une transformation en douceur.","og_url":"https:\/\/devsite.assimasolutions.com\/fr\/partenaires\/assima-services-partners\/","og_site_name":"Assima","article_modified_time":"2025-12-16T09:54:55+00:00","og_image":[{"width":292,"height":346,"url":"https:\/\/devsite.assimasolutions.com\/wp-content\/uploads\/2025\/06\/tech-partners-banner-1.webp","type":"image\/webp"}],"twitter_card":"summary_large_image","twitter_misc":{"Dur\u00e9e de lecture estim\u00e9e":"2 minutes"},"schema":{"@context":"https:\/\/schema.org","@graph":[{"@type":"WebPage","@id":"https:\/\/devsite.assimasolutions.com\/fr\/partenaires\/assima-services-partners\/","url":"https:\/\/devsite.assimasolutions.com\/fr\/partenaires\/assima-services-partners\/","name":"Partenaire d'Assima pour le succ\u00e8s de l'adoption num\u00e9rique | Assima Technology Partners","isPartOf":{"@id":"https:\/\/devsite.assimasolutions.com\/fr\/#website"},"primaryImageOfPage":{"@id":"https:\/\/devsite.assimasolutions.com\/fr\/partenaires\/assima-services-partners\/#primaryimage"},"image":{"@id":"https:\/\/devsite.assimasolutions.com\/fr\/partenaires\/assima-services-partners\/#primaryimage"},"thumbnailUrl":"https:\/\/devsite.assimasolutions.com\/wp-content\/uploads\/2025\/06\/tech-partners-banner-1.webp","datePublished":"2025-06-20T16:31:45+00:00","dateModified":"2025-12-16T09:54:55+00:00","description":"Rejoignez le programme de partenariat d'Assima pour mener \u00e0 bien l'adoption du num\u00e9rique. Tirez parti de notre technologie de formation et de votre expertise pour une transformation en douceur.","breadcrumb":{"@id":"https:\/\/devsite.assimasolutions.com\/fr\/partenaires\/assima-services-partners\/#breadcrumb"},"inLanguage":"fr-FR","potentialAction":[{"@type":"ReadAction","target":["https:\/\/devsite.assimasolutions.com\/fr\/partenaires\/assima-services-partners\/"]}]},{"@type":"ImageObject","inLanguage":"fr-FR","@id":"https:\/\/devsite.assimasolutions.com\/fr\/partenaires\/assima-services-partners\/#primaryimage","url":"https:\/\/devsite.assimasolutions.com\/wp-content\/uploads\/2025\/06\/tech-partners-banner-1.webp","contentUrl":"https:\/\/devsite.assimasolutions.com\/wp-content\/uploads\/2025\/06\/tech-partners-banner-1.webp"},{"@type":"BreadcrumbList","@id":"https:\/\/devsite.assimasolutions.com\/fr\/partenaires\/assima-services-partners\/#breadcrumb","itemListElement":[{"@type":"ListItem","position":1,"name":"Home","item":"https:\/\/devsite.assimasolutions.com\/fr\/"},{"@type":"ListItem","position":2,"name":"Partenaires","item":"https:\/\/devsite.assimasolutions.com\/fr\/partners\/"},{"@type":"ListItem","position":3,"name":"Assima Services Partners FR"}]},{"@type":"WebSite","@id":"https:\/\/devsite.assimasolutions.com\/fr\/#website","url":"https:\/\/devsite.assimasolutions.com\/fr\/","name":"Assima","description":"","publisher":{"@id":"https:\/\/devsite.assimasolutions.com\/fr\/#organization"},"potentialAction":[{"@type":"SearchAction","target":{"@type":"EntryPoint","urlTemplate":"https:\/\/devsite.assimasolutions.com\/fr\/?s={search_term_string}"},"query-input":{"@type":"PropertyValueSpecification","valueRequired":true,"valueName":"search_term_string"}}],"inLanguage":"fr-FR"},{"@type":"Organization","@id":"https:\/\/devsite.assimasolutions.com\/fr\/#organization","name":"Assima","url":"https:\/\/devsite.assimasolutions.com\/fr\/","logo":{"@type":"ImageObject","inLanguage":"fr-FR","@id":"https:\/\/devsite.assimasolutions.com\/fr\/#\/schema\/logo\/image\/","url":"https:\/\/devsite.assimasolutions.com\/wp-content\/uploads\/2023\/12\/logo-1.webp","contentUrl":"https:\/\/devsite.assimasolutions.com\/wp-content\/uploads\/2023\/12\/logo-1.webp","width":159,"height":36,"caption":"Assima"},"image":{"@id":"https:\/\/devsite.assimasolutions.com\/fr\/#\/schema\/logo\/image\/"}}]}},"_links":{"self":[{"href":"https:\/\/devsite.assimasolutions.com\/fr\/wp-json\/wp\/v2\/pages\/16385","targetHints":{"allow":["GET"]}}],"collection":[{"href":"https:\/\/devsite.assimasolutions.com\/fr\/wp-json\/wp\/v2\/pages"}],"about":[{"href":"https:\/\/devsite.assimasolutions.com\/fr\/wp-json\/wp\/v2\/types\/page"}],"author":[{"embeddable":true,"href":"https:\/\/devsite.assimasolutions.com\/fr\/wp-json\/wp\/v2\/users\/6"}],"replies":[{"embeddable":true,"href":"https:\/\/devsite.assimasolutions.com\/fr\/wp-json\/wp\/v2\/comments?post=16385"}],"version-history":[{"count":0,"href":"https:\/\/devsite.assimasolutions.com\/fr\/wp-json\/wp\/v2\/pages\/16385\/revisions"}],"up":[{"embeddable":true,"href":"https:\/\/devsite.assimasolutions.com\/fr\/wp-json\/wp\/v2\/pages\/15889"}],"wp:attachment":[{"href":"https:\/\/devsite.assimasolutions.com\/fr\/wp-json\/wp\/v2\/media?parent=16385"}],"curies":[{"name":"wp","href":"https:\/\/api.w.org\/{rel}","templated":true}]}}